{"id":37759,"date":"2024-08-07T09:48:51","date_gmt":"2024-08-07T07:48:51","guid":{"rendered":"http:\/\/gtled.com\/?page_id=37759"},"modified":"2024-08-08T13:16:57","modified_gmt":"2024-08-08T11:16:57","slug":"fuentes-y-piscinas","status":"publish","type":"page","link":"https:\/\/gtled.com\/?page_id=37759","title":{"rendered":"Fuentes y Piscinas"},"content":{"rendered":"<p>[et_pb_section fb_built=\u00bb1&#8243; admin_label=\u00bbHeader\u00bb _builder_version=\u00bb4.21.0&#8243; _module_preset=\u00bb_initial\u00bb background_color=\u00bbgcid-3cfc8c0c-5557-4a5d-9dab-24e78d615311&#8243; custom_padding=\u00bb32px||10px|||\u00bb collapsed=\u00bbon\u00bb global_colors_info=\u00bb{%22gcid-3cfc8c0c-5557-4a5d-9dab-24e78d615311%22:%91%22background_color%22%93}\u00bb][et_pb_row _builder_version=\u00bb4.22.0&#8243; _module_preset=\u00bbdefault\u00bb custom_padding=\u00bb||0px|||\u00bb global_colors_info=\u00bb{}\u00bb][et_pb_column type=\u00bb4_4&#8243; _builder_version=\u00bb4.21.0&#8243; _module_preset=\u00bb_initial\u00bb global_colors_info=\u00bb{}\u00bb][et_pb_text _builder_version=\u00bb4.27.0&#8243; _module_preset=\u00bb_initial\u00bb text_font=\u00bb||||||||\u00bb ul_line_height=\u00bb1.8em\u00bb ol_line_height=\u00bb1.8em\u00bb quote_font=\u00bb&#8211;et_global_heading_font|&#8211;et_global_heading_font_weight|||||||\u00bb quote_text_color=\u00bbgcid-heading-color\u00bb quote_font_size=\u00bb20px\u00bb quote_line_height=\u00bb1.4em\u00bb header_font_size=\u00bb72px\u00bb header_line_height=\u00bb1.1em\u00bb header_2_font=\u00bbInter|700||on|||||\u00bb header_2_text_color=\u00bb#38887D\u00bb header_2_font_size=\u00bb14px\u00bb header_2_line_height=\u00bb1.4em\u00bb header_3_font_size=\u00bb36px\u00bb header_3_line_height=\u00bb1.4em\u00bb header_4_font=\u00bbCatamaran|700||on|||||\u00bb header_4_text_color=\u00bb#D1675A\u00bb header_4_font_size=\u00bb14px\u00bb header_4_letter_spacing=\u00bb1px\u00bb header_4_line_height=\u00bb1.4em\u00bb header_5_font_size=\u00bb20px\u00bb header_5_line_height=\u00bb1.4em\u00bb header_6_font_size=\u00bb16px\u00bb header_6_line_height=\u00bb1.4em\u00bb custom_margin=\u00bb||0px||false|false\u00bb quote_font_size_tablet=\u00bb18px\u00bb quote_font_size_phone=\u00bb15px\u00bb quote_font_size_last_edited=\u00bbon|desktop\u00bb header_font_size_tablet=\u00bb40px\u00bb header_font_size_phone=\u00bb24px\u00bb header_font_size_last_edited=\u00bbon|desktop\u00bb header_2_font_size_tablet=\u00bb32px\u00bb header_2_font_size_phone=\u00bb20px\u00bb header_2_font_size_last_edited=\u00bbon|desktop\u00bb header_3_font_size_tablet=\u00bb24px\u00bb header_3_font_size_phone=\u00bb18px\u00bb header_3_font_size_last_edited=\u00bbon|desktop\u00bb header_4_font_size_tablet=\u00bb20px\u00bb header_4_font_size_phone=\u00bb16px\u00bb header_4_font_size_last_edited=\u00bbon|desktop\u00bb header_5_font_size_tablet=\u00bb18px\u00bb header_5_font_size_phone=\u00bb15px\u00bb header_5_font_size_last_edited=\u00bbon|phone\u00bb header_6_font_size_tablet=\u00bb15px\u00bb header_6_font_size_phone=\u00bb14px\u00bb header_6_font_size_last_edited=\u00bbon|desktop\u00bb locked=\u00bboff\u00bb global_colors_info=\u00bb{%22gcid-heading-color%22:%91%22quote_text_color%22%93}\u00bb]<\/p>\n<h2>PRODUCTOS<\/h2>\n<p>[\/et_pb_text][et_pb_text _builder_version=\u00bb4.27.0&#8243; _module_preset=\u00bb_initial\u00bb text_font=\u00bb||||||||\u00bb ul_line_height=\u00bb1.8em\u00bb ol_line_height=\u00bb1.8em\u00bb quote_font=\u00bb&#8211;et_global_heading_font|&#8211;et_global_heading_font_weight|||||||\u00bb quote_text_color=\u00bbgcid-heading-color\u00bb quote_font_size=\u00bb20px\u00bb quote_line_height=\u00bb1.4em\u00bb header_font=\u00bbInter|700|||||||\u00bb header_text_color=\u00bb#303F52&#8243; header_font_size=\u00bb38px\u00bb header_line_height=\u00bb1.1em\u00bb header_2_font=\u00bbInter|700|||||||\u00bb header_2_text_color=\u00bb#303F52&#8243; header_2_font_size=\u00bb38px\u00bb header_2_line_height=\u00bb1.2em\u00bb header_3_font_size=\u00bb36px\u00bb header_3_line_height=\u00bb1.4em\u00bb header_4_font_size=\u00bb24px\u00bb header_4_line_height=\u00bb1.3em\u00bb header_5_font_size=\u00bb20px\u00bb header_5_line_height=\u00bb1.4em\u00bb header_6_font_size=\u00bb16px\u00bb header_6_line_height=\u00bb1.4em\u00bb quote_font_size_tablet=\u00bb18px\u00bb quote_font_size_phone=\u00bb15px\u00bb quote_font_size_last_edited=\u00bbon|desktop\u00bb header_font_size_tablet=\u00bb40px\u00bb header_font_size_phone=\u00bb24px\u00bb header_font_size_last_edited=\u00bbon|desktop\u00bb header_2_font_size_tablet=\u00bb32px\u00bb header_2_font_size_phone=\u00bb20px\u00bb header_2_font_size_last_edited=\u00bbon|desktop\u00bb header_3_font_size_tablet=\u00bb24px\u00bb header_3_font_size_phone=\u00bb18px\u00bb header_3_font_size_last_edited=\u00bbon|desktop\u00bb header_4_font_size_tablet=\u00bb20px\u00bb header_4_font_size_phone=\u00bb16px\u00bb header_4_font_size_last_edited=\u00bbon|desktop\u00bb header_5_font_size_tablet=\u00bb18px\u00bb header_5_font_size_phone=\u00bb15px\u00bb header_5_font_size_last_edited=\u00bbon|phone\u00bb header_6_font_size_tablet=\u00bb15px\u00bb header_6_font_size_phone=\u00bb14px\u00bb header_6_font_size_last_edited=\u00bbon|desktop\u00bb locked=\u00bboff\u00bb global_colors_info=\u00bb{%22gcid-heading-color%22:%91%22quote_text_color%22%93}\u00bb]<\/p>\n<h1>Fuentes y Piscinas<\/h1>\n<p>[\/et_pb_text][et_pb_text quote_border_color=\u00bb#38887D\u00bb _builder_version=\u00bb4.27.0&#8243; _module_preset=\u00bb_initial\u00bb text_font=\u00bbCatamaran||||||||\u00bb text_text_color=\u00bb#666666&#8243; text_line_height=\u00bb1.4em\u00bb ul_line_height=\u00bb1.8em\u00bb ol_line_height=\u00bb1.8em\u00bb quote_font=\u00bb&#8211;et_global_heading_font|&#8211;et_global_heading_font_weight|||||||\u00bb quote_text_color=\u00bb#666666&#8243; quote_font_size=\u00bb16px\u00bb quote_line_height=\u00bb1.4em\u00bb header_font_size=\u00bb72px\u00bb header_line_height=\u00bb1.1em\u00bb header_2_font_size=\u00bb52px\u00bb header_2_line_height=\u00bb1.2em\u00bb header_3_font_size=\u00bb36px\u00bb header_3_line_height=\u00bb1.4em\u00bb header_4_font_size=\u00bb24px\u00bb header_4_line_height=\u00bb1.3em\u00bb header_5_font_size=\u00bb20px\u00bb header_5_line_height=\u00bb1.4em\u00bb header_6_font_size=\u00bb16px\u00bb header_6_line_height=\u00bb1.4em\u00bb quote_font_size_tablet=\u00bb18px\u00bb quote_font_size_phone=\u00bb15px\u00bb quote_font_size_last_edited=\u00bbon|desktop\u00bb header_font_size_tablet=\u00bb55px\u00bb header_font_size_phone=\u00bb24px\u00bb header_font_size_last_edited=\u00bboff|desktop\u00bb header_2_font_size_tablet=\u00bb32px\u00bb header_2_font_size_phone=\u00bb20px\u00bb header_2_font_size_last_edited=\u00bbon|desktop\u00bb header_3_font_size_tablet=\u00bb24px\u00bb header_3_font_size_phone=\u00bb18px\u00bb header_3_font_size_last_edited=\u00bbon|desktop\u00bb header_4_font_size_tablet=\u00bb20px\u00bb header_4_font_size_phone=\u00bb16px\u00bb header_4_font_size_last_edited=\u00bbon|desktop\u00bb header_5_font_size_tablet=\u00bb18px\u00bb header_5_font_size_phone=\u00bb15px\u00bb header_5_font_size_last_edited=\u00bbon|phone\u00bb header_6_font_size_tablet=\u00bb15px\u00bb header_6_font_size_phone=\u00bb14px\u00bb header_6_font_size_last_edited=\u00bbon|desktop\u00bb locked=\u00bboff\u00bb global_colors_info=\u00bb{}\u00bb]<\/p>\n<p>Nos especializamos en <strong>ofrecer soluciones de iluminaci\u00f3n industrial de alta eficiencia y durabilidad, dise\u00f1adas para satisfacer las necesidades m\u00e1s exigentes<\/strong> de f\u00e1bricas, almacenes, naves industriales y talleres.\u00a0 <strong>Nuestras luminarias industriales est\u00e1n fabricadas con materiales de alta calidad y tecnolog\u00eda avanzada<\/strong>, garantizando una iluminaci\u00f3n \u00f3ptima, ahorro energ\u00e9tico y un mantenimiento reducido.<\/p>\n<p>Con una amplia gama de productos que incluyen campanas LED, proyectores y luminarias lineales, aseguramos un rendimiento superior y una vida \u00fatil prolongada, respaldados por una garant\u00eda de hasta 5 a\u00f1os.<\/p>\n<blockquote>\n<p>Descubra c\u00f3mo nuestras soluciones de iluminaci\u00f3n industrial pueden transformar sus instalaciones, mejorando la productividad y la seguridad en el lugar de trabajo.<\/p>\n<\/blockquote>\n<p>[\/et_pb_text][\/et_pb_column][\/et_pb_row][\/et_pb_section][et_pb_section fb_built=\u00bb1&#8243; _builder_version=\u00bb4.27.0&#8243; _module_preset=\u00bb_initial\u00bb custom_padding=\u00bb20px|||||\u00bb global_colors_info=\u00bb{}\u00bb][et_pb_row column_structure=\u00bb1_2,1_2&#8243; _builder_version=\u00bb4.27.0&#8243; _module_preset=\u00bbdefault\u00bb global_colors_info=\u00bb{}\u00bb][et_pb_column type=\u00bb1_2&#8243; _builder_version=\u00bb4.27.0&#8243; _module_preset=\u00bb_initial\u00bb global_colors_info=\u00bb{}\u00bb][et_pb_blurb title=\u00bbLuminarias Fuentes y Piscinas\u00bb url=\u00bbhttp:\/\/gtled.com\/wp-content\/uploads\/4_Luminarias-piscina_gtled_iluminacion_regulacion_led_2022_catalogo.pdf\u00bb url_new_window=\u00bbon\u00bb image=\u00bbhttp:\/\/gtled.com\/wp-content\/uploads\/Luminarias-piscina.jpg\u00bb alt=\u00bbLuminarias piscina\u00bb icon_placement=\u00bbleft\u00bb image_icon_width=\u00bb120px\u00bb icon_placement_last_edited=\u00bboff|phone\u00bb image_icon_width_tablet=\u00bb32px\u00bb image_icon_width_last_edited=\u00bboff|phone\u00bb _builder_version=\u00bb4.27.0&#8243; _module_preset=\u00bbdefault\u00bb header_font=\u00bbInter|700||on|||||\u00bb header_text_color=\u00bb#303F52&#8243; header_font_size=\u00bb20px\u00bb header_line_height=\u00bb1.3em\u00bb body_font=\u00bbCatamaran||||||||\u00bb body_text_color=\u00bb#666666&#8243; body_font_size=\u00bb16px\u00bb body_line_height=\u00bb1.5em\u00bb custom_padding=\u00bb0px||||false|false\u00bb body_font_size_tablet=\u00bb15px\u00bb body_font_size_phone=\u00bb14px\u00bb body_font_size_last_edited=\u00bbon|desktop\u00bb global_colors_info=\u00bb{}\u00bb]<\/p>\n<p><strong>Nuestras luminarias para piscinas ofrecen soluciones avanzadas de iluminaci\u00f3n que transforman su piscina, spa, estanque o fuente en un entorno m\u00e1gico y seguro.<\/strong>\u00a0 Disponemos de luminarias PAR56 empotrables y de superficie, as\u00ed como opciones LED RGB para crear efectos de luz impresionantes.<\/p>\n<p>[\/et_pb_blurb][\/et_pb_column][et_pb_column type=\u00bb1_2&#8243; _builder_version=\u00bb4.27.0&#8243; _module_preset=\u00bb_initial\u00bb global_colors_info=\u00bb{}\u00bb][et_pb_blurb title=\u00bbTiras flexibles Fuentes y Piscinas\u00bb url=\u00bbhttp:\/\/gtled.com\/wp-content\/uploads\/2_Tiras-flexibles-led_piscinas_gtled_iluminacion_regulacion_led.pdf\u00bb url_new_window=\u00bbon\u00bb image=\u00bbhttp:\/\/gtled.com\/wp-content\/uploads\/Tiras-flexibles-led.jpg\u00bb alt=\u00bbTiras flexibles led\u00bb icon_placement=\u00bbleft\u00bb image_icon_width=\u00bb120px\u00bb icon_placement_last_edited=\u00bboff|phone\u00bb image_icon_width_tablet=\u00bb32px\u00bb image_icon_width_last_edited=\u00bboff|phone\u00bb _builder_version=\u00bb4.27.0&#8243; _module_preset=\u00bbdefault\u00bb header_font=\u00bbInter|700||on|||||\u00bb header_text_color=\u00bb#303F52&#8243; header_font_size=\u00bb20px\u00bb header_line_height=\u00bb1.3em\u00bb body_font=\u00bbCatamaran||||||||\u00bb body_text_color=\u00bb#666666&#8243; body_font_size=\u00bb16px\u00bb body_line_height=\u00bb1.5em\u00bb custom_padding=\u00bb0px||||false|false\u00bb body_font_size_tablet=\u00bb15px\u00bb body_font_size_phone=\u00bb14px\u00bb body_font_size_last_edited=\u00bbon|desktop\u00bb global_colors_info=\u00bb{}\u00bb]<\/p>\n<p><strong>Ofrecemos una soluci\u00f3n innovadora y vers\u00e1til para la iluminaci\u00f3n subacu\u00e1tica.\u00a0<\/strong> Dise\u00f1adas con un \u00edndice de protecci\u00f3n IP68, estas tiras son perfectas para su uso en entornos acu\u00e1ticos, proporcionando una iluminaci\u00f3n uniforme y de alta calidad. Disponibles en colores blanco fr\u00edo y RGB, nuestras tiras LED permiten crear efectos de luz impresionantes, mejorando la est\u00e9tica y la seguridad de su piscina.<\/p>\n<p>[\/et_pb_blurb][\/et_pb_column][\/et_pb_row][et_pb_row column_structure=\u00bb1_2,1_2&#8243; _builder_version=\u00bb4.27.0&#8243; _module_preset=\u00bbdefault\u00bb global_colors_info=\u00bb{}\u00bb][et_pb_column type=\u00bb1_2&#8243; _builder_version=\u00bb4.27.0&#8243; _module_preset=\u00bb_initial\u00bb global_colors_info=\u00bb{}\u00bb][et_pb_blurb title=\u00bbProyectores Sumergibles\u00bb url=\u00bbhttp:\/\/gtled.com\/wp-content\/uploads\/5_Proyectores_sumergibles_gtled_iluminacion_regulacion_led.pdf\u00bb url_new_window=\u00bbon\u00bb image=\u00bbhttp:\/\/gtled.com\/wp-content\/uploads\/Proyectores-sumergibles.jpg\u00bb alt=\u00bbProyectores sumergibles\u00bb icon_placement=\u00bbleft\u00bb image_icon_width=\u00bb120px\u00bb icon_placement_last_edited=\u00bboff|phone\u00bb image_icon_width_tablet=\u00bb32px\u00bb image_icon_width_last_edited=\u00bboff|phone\u00bb _builder_version=\u00bb4.27.0&#8243; _module_preset=\u00bbdefault\u00bb header_font=\u00bbInter|700||on|||||\u00bb header_text_color=\u00bb#303F52&#8243; header_font_size=\u00bb20px\u00bb header_line_height=\u00bb1.3em\u00bb body_font=\u00bbCatamaran||||||||\u00bb body_text_color=\u00bb#666666&#8243; body_font_size=\u00bb16px\u00bb body_line_height=\u00bb1.5em\u00bb custom_padding=\u00bb0px||||false|false\u00bb body_font_size_tablet=\u00bb15px\u00bb body_font_size_phone=\u00bb14px\u00bb body_font_size_last_edited=\u00bbon|desktop\u00bb global_colors_info=\u00bb{}\u00bb]<\/p>\n<p><strong>Sensores avanzados para iluminaci\u00f3n LED dise\u00f1ados para optimizar el uso de energ\u00eda y aumentar la eficiencia en sus instalaciones.\u00a0<\/strong> Ofrecemos una variedad de sensores de movimiento y crepusculares con tecnolog\u00eda IR y MW, que aseguran que las luces se enciendan solo cuando sea necesario, detectando movimientos o cambios en la luminosidad ambiente.<\/p>\n<p>[\/et_pb_blurb][\/et_pb_column][et_pb_column type=\u00bb1_2&#8243; _builder_version=\u00bb4.27.0&#8243; _module_preset=\u00bb_initial\u00bb global_colors_info=\u00bb{}\u00bb][\/et_pb_column][\/et_pb_row][\/et_pb_section][et_pb_section fb_built=\u00bb1&#8243; _builder_version=\u00bb4.27.0&#8243; _module_preset=\u00bb_initial\u00bb box_shadow_style=\u00bbpreset1&#8243; global_colors_info=\u00bb{}\u00bb][et_pb_row _builder_version=\u00bb4.27.0&#8243; _module_preset=\u00bbdefault\u00bb global_colors_info=\u00bb{}\u00bb][et_pb_column type=\u00bb4_4&#8243; _builder_version=\u00bb4.27.0&#8243; _module_preset=\u00bb_initial\u00bb global_colors_info=\u00bb{}\u00bb][et_pb_text _builder_version=\u00bb4.27.0&#8243; _module_preset=\u00bb_initial\u00bb text_font=\u00bb||||||||\u00bb ul_line_height=\u00bb1.8em\u00bb ol_line_height=\u00bb1.8em\u00bb quote_font=\u00bb&#8211;et_global_heading_font|&#8211;et_global_heading_font_weight|||||||\u00bb quote_text_color=\u00bbgcid-heading-color\u00bb quote_font_size=\u00bb20px\u00bb quote_line_height=\u00bb1.4em\u00bb header_font_size=\u00bb72px\u00bb header_line_height=\u00bb1.1em\u00bb header_2_font=\u00bbInter|700|||||||\u00bb header_2_text_color=\u00bb#303F52&#8243; header_2_font_size=\u00bb35px\u00bb header_2_line_height=\u00bb1.2em\u00bb header_3_font_size=\u00bb36px\u00bb header_3_line_height=\u00bb1.4em\u00bb header_4_font_size=\u00bb24px\u00bb header_4_line_height=\u00bb1.3em\u00bb header_5_font_size=\u00bb20px\u00bb header_5_line_height=\u00bb1.4em\u00bb header_6_font_size=\u00bb16px\u00bb header_6_line_height=\u00bb1.4em\u00bb quote_font_size_tablet=\u00bb18px\u00bb quote_font_size_phone=\u00bb15px\u00bb quote_font_size_last_edited=\u00bbon|desktop\u00bb header_font_size_tablet=\u00bb40px\u00bb header_font_size_phone=\u00bb24px\u00bb header_font_size_last_edited=\u00bbon|desktop\u00bb header_2_font_size_tablet=\u00bb32px\u00bb header_2_font_size_phone=\u00bb20px\u00bb header_2_font_size_last_edited=\u00bbon|desktop\u00bb header_3_font_size_tablet=\u00bb24px\u00bb header_3_font_size_phone=\u00bb18px\u00bb header_3_font_size_last_edited=\u00bbon|desktop\u00bb header_4_font_size_tablet=\u00bb20px\u00bb header_4_font_size_phone=\u00bb16px\u00bb header_4_font_size_last_edited=\u00bbon|desktop\u00bb header_5_font_size_tablet=\u00bb18px\u00bb header_5_font_size_phone=\u00bb15px\u00bb header_5_font_size_last_edited=\u00bbon|phone\u00bb header_6_font_size_tablet=\u00bb15px\u00bb header_6_font_size_phone=\u00bb14px\u00bb header_6_font_size_last_edited=\u00bbon|desktop\u00bb global_colors_info=\u00bb{%22gcid-heading-color%22:%91%22quote_text_color%22%93}\u00bb]<\/p>\n<h2>Fuentes y Piscinas | Blog<\/h2>\n<p>[\/et_pb_text][et_pb_blog fullwidth=\u00bboff\u00bb posts_number=\u00bb3&#8243; include_categories=\u00bb176&#8243; show_more=\u00bbon\u00bb show_author=\u00bboff\u00bb show_date=\u00bboff\u00bb _builder_version=\u00bb4.27.0&#8243; _module_preset=\u00bbdefault\u00bb header_font=\u00bbInter|700|||||||\u00bb header_text_color=\u00bb#303F52&#8243; header_font_size=\u00bb20px\u00bb header_line_height=\u00bb1.4em\u00bb body_font=\u00bbCatamaran||||||||\u00bb body_text_color=\u00bbgcid-body-color\u00bb body_line_height=\u00bb1.5em\u00bb meta_font=\u00bbInter|700|||||||\u00bb meta_text_color=\u00bbgcid-secondary-color\u00bb meta_font_size=\u00bb14px\u00bb meta_line_height=\u00bb1.8em\u00bb read_more_font=\u00bbInter|700|||||||\u00bb read_more_text_color=\u00bb#303F52&#8243; pagination_font=\u00bbInter|700|||||||\u00bb pagination_font_size=\u00bb16px\u00bb pagination_line_height=\u00bb1.8em\u00bb hover_enabled=\u00bb0&#8243; header_font_size_tablet=\u00bb18px\u00bb header_font_size_phone=\u00bb15px\u00bb header_font_size_last_edited=\u00bbon|phone\u00bb pagination_font_size_tablet=\u00bb15px\u00bb pagination_font_size_phone=\u00bb14px\u00bb pagination_font_size_last_edited=\u00bbon|desktop\u00bb border_width_all=\u00bb0px\u00bb global_colors_info=\u00bb{%22gcid-0cddd2b1-8b06-4d9a-ae17-1cfad24229a1%22:%91%22quote_border_color%22%93,%22gcid-secondary-color%22:%91%22meta_text_color%22%93,%22gcid-body-color%22:%91%22body_text_color%22%93}\u00bb quote_font_size_tablet=\u00bb18px\u00bb quote_font_size_phone=\u00bb15px\u00bb quote_font_size_last_edited=\u00bbon|desktop\u00bb sticky_enabled=\u00bb0&#8243;][\/et_pb_blog][\/et_pb_column][\/et_pb_row][\/et_pb_section]<\/p>\n","protected":false},"excerpt":{"rendered":"<p>PRODUCTOSFuentes y PiscinasNos especializamos en ofrecer soluciones de iluminaci\u00f3n industrial de alta eficiencia y durabilidad, dise\u00f1adas para satisfacer las necesidades m\u00e1s exigentes de f\u00e1bricas, almacenes, naves industriales y talleres.\u00a0 Nuestras luminarias industriales est\u00e1n fabricadas con materiales de alta calidad y tecnolog\u00eda avanzada, garantizando una iluminaci\u00f3n \u00f3ptima, ahorro energ\u00e9tico y un mantenimiento reducido. Con una amplia [&hellip;]<\/p>\n","protected":false},"author":6,"featured_media":0,"parent":0,"menu_order":0,"comment_status":"closed","ping_status":"closed","template":"","meta":{"_et_pb_use_builder":"on","_et_pb_old_content":"<!-- wp:divi\/placeholder \/-->","_et_gb_content_width":"","footnotes":""},"class_list":["post-37759","page","type-page","status-publish","hentry"],"yoast_head":"<!-- This site is optimized with the Yoast SEO plugin v24.6 - https:\/\/yoast.com\/wordpress\/plugins\/seo\/ -->\n<title>Fuentes y Piscinas - Gtled<\/title>\n<meta name=\"robots\" content=\"index, follow, max-snippet:-1, max-image-preview:large, max-video-preview:-1\" \/>\n<link rel=\"canonical\" href=\"https:\/\/gtled.com\/?page_id=37759\" \/>\n<meta property=\"og:locale\" content=\"es_ES\" \/>\n<meta property=\"og:type\" content=\"article\" \/>\n<meta property=\"og:title\" content=\"Fuentes y Piscinas - Gtled\" \/>\n<meta property=\"og:description\" content=\"PRODUCTOSFuentes y PiscinasNos especializamos en ofrecer soluciones de iluminaci\u00f3n industrial de alta eficiencia y durabilidad, dise\u00f1adas para satisfacer las necesidades m\u00e1s exigentes de f\u00e1bricas, almacenes, naves industriales y talleres.\u00a0 Nuestras luminarias industriales est\u00e1n fabricadas con materiales de alta calidad y tecnolog\u00eda avanzada, garantizando una iluminaci\u00f3n \u00f3ptima, ahorro energ\u00e9tico y un mantenimiento reducido. Con una amplia [&hellip;]\" \/>\n<meta property=\"og:url\" content=\"https:\/\/gtled.com\/?page_id=37759\" \/>\n<meta property=\"og:site_name\" content=\"Gtled\" \/>\n<meta property=\"article:modified_time\" content=\"2024-08-08T11:16:57+00:00\" \/>\n<meta name=\"twitter:card\" content=\"summary_large_image\" \/>\n<script type=\"application\/ld+json\" class=\"yoast-schema-graph\">{\"@context\":\"https:\/\/schema.org\",\"@graph\":[{\"@type\":\"WebPage\",\"@id\":\"https:\/\/gtled.com\/?page_id=37759\",\"url\":\"https:\/\/gtled.com\/?page_id=37759\",\"name\":\"Fuentes y Piscinas - Gtled\",\"isPartOf\":{\"@id\":\"https:\/\/gtled.com\/#website\"},\"datePublished\":\"2024-08-07T07:48:51+00:00\",\"dateModified\":\"2024-08-08T11:16:57+00:00\",\"breadcrumb\":{\"@id\":\"https:\/\/gtled.com\/?page_id=37759#breadcrumb\"},\"inLanguage\":\"es\",\"potentialAction\":[{\"@type\":\"ReadAction\",\"target\":[\"https:\/\/gtled.com\/?page_id=37759\"]}]},{\"@type\":\"BreadcrumbList\",\"@id\":\"https:\/\/gtled.com\/?page_id=37759#breadcrumb\",\"itemListElement\":[{\"@type\":\"ListItem\",\"position\":1,\"name\":\"Portada\",\"item\":\"https:\/\/gtled.com\/\"},{\"@type\":\"ListItem\",\"position\":2,\"name\":\"Fuentes y Piscinas\"}]},{\"@type\":\"WebSite\",\"@id\":\"https:\/\/gtled.com\/#website\",\"url\":\"https:\/\/gtled.com\/\",\"name\":\"Gtled\",\"description\":\"Iluminaci\u00f3n y regulaci\u00f3n led\",\"potentialAction\":[{\"@type\":\"SearchAction\",\"target\":{\"@type\":\"EntryPoint\",\"urlTemplate\":\"https:\/\/gtled.com\/?s={search_term_string}\"},\"query-input\":{\"@type\":\"PropertyValueSpecification\",\"valueRequired\":true,\"valueName\":\"search_term_string\"}}],\"inLanguage\":\"es\"}]}<\/script>\n<!-- \/ Yoast SEO plugin. -->","yoast_head_json":{"title":"Fuentes y Piscinas - Gtled","robots":{"index":"index","follow":"follow","max-snippet":"max-snippet:-1","max-image-preview":"max-image-preview:large","max-video-preview":"max-video-preview:-1"},"canonical":"https:\/\/gtled.com\/?page_id=37759","og_locale":"es_ES","og_type":"article","og_title":"Fuentes y Piscinas - Gtled","og_description":"PRODUCTOSFuentes y PiscinasNos especializamos en ofrecer soluciones de iluminaci\u00f3n industrial de alta eficiencia y durabilidad, dise\u00f1adas para satisfacer las necesidades m\u00e1s exigentes de f\u00e1bricas, almacenes, naves industriales y talleres.\u00a0 Nuestras luminarias industriales est\u00e1n fabricadas con materiales de alta calidad y tecnolog\u00eda avanzada, garantizando una iluminaci\u00f3n \u00f3ptima, ahorro energ\u00e9tico y un mantenimiento reducido. Con una amplia [&hellip;]","og_url":"https:\/\/gtled.com\/?page_id=37759","og_site_name":"Gtled","article_modified_time":"2024-08-08T11:16:57+00:00","twitter_card":"summary_large_image","schema":{"@context":"https:\/\/schema.org","@graph":[{"@type":"WebPage","@id":"https:\/\/gtled.com\/?page_id=37759","url":"https:\/\/gtled.com\/?page_id=37759","name":"Fuentes y Piscinas - Gtled","isPartOf":{"@id":"https:\/\/gtled.com\/#website"},"datePublished":"2024-08-07T07:48:51+00:00","dateModified":"2024-08-08T11:16:57+00:00","breadcrumb":{"@id":"https:\/\/gtled.com\/?page_id=37759#breadcrumb"},"inLanguage":"es","potentialAction":[{"@type":"ReadAction","target":["https:\/\/gtled.com\/?page_id=37759"]}]},{"@type":"BreadcrumbList","@id":"https:\/\/gtled.com\/?page_id=37759#breadcrumb","itemListElement":[{"@type":"ListItem","position":1,"name":"Portada","item":"https:\/\/gtled.com\/"},{"@type":"ListItem","position":2,"name":"Fuentes y Piscinas"}]},{"@type":"WebSite","@id":"https:\/\/gtled.com\/#website","url":"https:\/\/gtled.com\/","name":"Gtled","description":"Iluminaci\u00f3n y regulaci\u00f3n led","potentialAction":[{"@type":"SearchAction","target":{"@type":"EntryPoint","urlTemplate":"https:\/\/gtled.com\/?s={search_term_string}"},"query-input":{"@type":"PropertyValueSpecification","valueRequired":true,"valueName":"search_term_string"}}],"inLanguage":"es"}]}},"_links":{"self":[{"href":"https:\/\/gtled.com\/index.php?rest_route=\/wp\/v2\/pages\/37759","targetHints":{"allow":["GET"]}}],"collection":[{"href":"https:\/\/gtled.com\/index.php?rest_route=\/wp\/v2\/pages"}],"about":[{"href":"https:\/\/gtled.com\/index.php?rest_route=\/wp\/v2\/types\/page"}],"author":[{"embeddable":true,"href":"https:\/\/gtled.com\/index.php?rest_route=\/wp\/v2\/users\/6"}],"replies":[{"embeddable":true,"href":"https:\/\/gtled.com\/index.php?rest_route=%2Fwp%2Fv2%2Fcomments&post=37759"}],"version-history":[{"count":4,"href":"https:\/\/gtled.com\/index.php?rest_route=\/wp\/v2\/pages\/37759\/revisions"}],"predecessor-version":[{"id":38115,"href":"https:\/\/gtled.com\/index.php?rest_route=\/wp\/v2\/pages\/37759\/revisions\/38115"}],"wp:attachment":[{"href":"https:\/\/gtled.com\/index.php?rest_route=%2Fwp%2Fv2%2Fmedia&parent=37759"}],"curies":[{"name":"wp","href":"https:\/\/api.w.org\/{rel}","templated":true}]}}