{"id":37707,"date":"2024-08-07T09:40:12","date_gmt":"2024-08-07T07:40:12","guid":{"rendered":"http:\/\/gtled.com\/?page_id=37707"},"modified":"2024-08-07T12:15:57","modified_gmt":"2024-08-07T10:15:57","slug":"trabaja-con-nosotros","status":"publish","type":"page","link":"https:\/\/gtled.com\/?page_id=37707","title":{"rendered":"Trabaja con nosotros"},"content":{"rendered":"<p>[et_pb_section fb_built=\u00bb1&#8243; specialty=\u00bbon\u00bb admin_label=\u00bbHow You Can Help\u00bb _builder_version=\u00bb4.27.0&#8243; _module_preset=\u00bbdefault\u00bb box_shadow_style=\u00bbpreset6&#8243; collapsed=\u00bbon\u00bb global_colors_info=\u00bb{}\u00bb theme_builder_area=\u00bbpost_content\u00bb][et_pb_column global_colors_info=\u00bb{}\u00bb type=\u00bb1_2&#8243; _builder_version=\u00bb4.16&#8243; _module_preset=\u00bb_initial\u00bb custom_padding=\u00bb|||\u00bb custom_padding__hover=\u00bb|||\u00bb theme_builder_area=\u00bbpost_content\u00bb][et_pb_text text_font=\u00bb||||||||\u00bb quote_font=\u00bb&#8211;et_global_heading_font|&#8211;et_global_heading_font_weight|||||||\u00bb quote_text_color=\u00bbgcid-heading-color\u00bb quote_font_size=\u00bb20px\u00bb quote_font_size_tablet=\u00bb18px\u00bb quote_font_size_phone=\u00bb15px\u00bb quote_font_size_last_edited=\u00bbon|desktop\u00bb quote_line_height=\u00bb1.4em\u00bb header_font_size=\u00bb14px\u00bb header_font_size_tablet=\u00bb40px\u00bb header_font_size_phone=\u00bb24px\u00bb header_font_size_last_edited=\u00bbon|desktop\u00bb header_line_height=\u00bb1.4em\u00bb header_2_font_size=\u00bb52px\u00bb header_2_font_size_tablet=\u00bb32px\u00bb header_2_font_size_phone=\u00bb20px\u00bb header_2_font_size_last_edited=\u00bbon|desktop\u00bb header_2_line_height=\u00bb1.2em\u00bb header_3_font_size=\u00bb36px\u00bb header_3_font_size_tablet=\u00bb24px\u00bb header_3_font_size_phone=\u00bb18px\u00bb header_3_font_size_last_edited=\u00bbon|desktop\u00bb header_3_line_height=\u00bb1.4em\u00bb header_4_font_size=\u00bb14px\u00bb header_4_font_size_tablet=\u00bb20px\u00bb header_4_font_size_phone=\u00bb16px\u00bb header_4_font_size_last_edited=\u00bbon|desktop\u00bb header_4_line_height=\u00bb1.4em\u00bb header_5_font_size=\u00bb20px\u00bb header_5_font_size_tablet=\u00bb18px\u00bb header_5_font_size_phone=\u00bb15px\u00bb header_5_font_size_last_edited=\u00bbon|phone\u00bb header_5_line_height=\u00bb1.4em\u00bb header_6_font_size=\u00bb16px\u00bb header_6_font_size_tablet=\u00bb15px\u00bb header_6_font_size_phone=\u00bb14px\u00bb header_6_font_size_last_edited=\u00bbon|desktop\u00bb header_6_line_height=\u00bb1.4em\u00bb ul_line_height=\u00bb1.8em\u00bb ol_line_height=\u00bb1.8em\u00bb global_colors_info=\u00bb{%22gcid-heading-color%22:%91%22quote_text_color%22%93}\u00bb _builder_version=\u00bb4.27.0&#8243; _module_preset=\u00bb56a7a00e-05b1-46a4-a3c1-3af711be6ff5&#8243; header_font=\u00bbInter|700||on|||||\u00bb header_text_color=\u00bb#38887D\u00bb header_4_font=\u00bbCatamaran|700||on|||||\u00bb header_4_text_color=\u00bb#D1675A\u00bb header_4_letter_spacing=\u00bb1px\u00bb custom_margin=\u00bb||0px||false|false\u00bb hover_enabled=\u00bb0&#8243; locked=\u00bboff\u00bb theme_builder_area=\u00bbpost_content\u00bb sticky_enabled=\u00bb0&#8243;]<\/p>\n<h1>TRABAJA CON NOSOTROS<\/h1>\n<p>[\/et_pb_text][et_pb_text text_font=\u00bb||||||||\u00bb quote_font=\u00bb&#8211;et_global_heading_font|&#8211;et_global_heading_font_weight|||||||\u00bb quote_text_color=\u00bbgcid-heading-color\u00bb quote_font_size=\u00bb20px\u00bb quote_font_size_tablet=\u00bb18px\u00bb quote_font_size_phone=\u00bb15px\u00bb quote_font_size_last_edited=\u00bbon|desktop\u00bb quote_line_height=\u00bb1.4em\u00bb header_font_size=\u00bb72px\u00bb header_font_size_tablet=\u00bb40px\u00bb header_font_size_phone=\u00bb24px\u00bb header_font_size_last_edited=\u00bbon|desktop\u00bb header_line_height=\u00bb1.1em\u00bb header_2_font_size=\u00bb38px\u00bb header_2_font_size_tablet=\u00bb32px\u00bb header_2_font_size_phone=\u00bb20px\u00bb header_2_font_size_last_edited=\u00bbon|desktop\u00bb header_2_line_height=\u00bb1.2em\u00bb header_3_font_size=\u00bb36px\u00bb header_3_font_size_tablet=\u00bb24px\u00bb header_3_font_size_phone=\u00bb18px\u00bb header_3_font_size_last_edited=\u00bbon|desktop\u00bb header_3_line_height=\u00bb1.4em\u00bb header_4_font_size=\u00bb24px\u00bb header_4_font_size_tablet=\u00bb20px\u00bb header_4_font_size_phone=\u00bb16px\u00bb header_4_font_size_last_edited=\u00bbon|desktop\u00bb header_4_line_height=\u00bb1.3em\u00bb header_5_font_size=\u00bb20px\u00bb header_5_font_size_tablet=\u00bb18px\u00bb header_5_font_size_phone=\u00bb15px\u00bb header_5_font_size_last_edited=\u00bbon|phone\u00bb header_5_line_height=\u00bb1.4em\u00bb header_6_font_size=\u00bb16px\u00bb header_6_font_size_tablet=\u00bb15px\u00bb header_6_font_size_phone=\u00bb14px\u00bb header_6_font_size_last_edited=\u00bbon|desktop\u00bb header_6_line_height=\u00bb1.4em\u00bb ul_line_height=\u00bb1.8em\u00bb ol_line_height=\u00bb1.8em\u00bb global_colors_info=\u00bb{%22gcid-heading-color%22:%91%22quote_text_color%22%93}\u00bb _builder_version=\u00bb4.27.0&#8243; _module_preset=\u00bb56a7a00e-05b1-46a4-a3c1-3af711be6ff5&#8243; header_2_font=\u00bbInter|700|||||||\u00bb header_2_text_color=\u00bb#303F52&#8243; locked=\u00bboff\u00bb theme_builder_area=\u00bbpost_content\u00bb]<\/p>\n<h2>Construye el Futuro de las Telecomunicaciones con nosotros<\/h2>\n<p>[\/et_pb_text][et_pb_text text_font=\u00bbCatamaran||||||||\u00bb quote_font=\u00bb&#8211;et_global_heading_font|&#8211;et_global_heading_font_weight|||||||\u00bb quote_text_color=\u00bb#303F52&#8243; quote_font_size=\u00bb16px\u00bb quote_font_size_tablet=\u00bb18px\u00bb quote_font_size_phone=\u00bb15px\u00bb quote_font_size_last_edited=\u00bbon|desktop\u00bb quote_line_height=\u00bb1.4em\u00bb header_font_size=\u00bb72px\u00bb header_font_size_tablet=\u00bb55px\u00bb header_font_size_phone=\u00bb24px\u00bb header_font_size_last_edited=\u00bboff|desktop\u00bb header_line_height=\u00bb1.1em\u00bb header_2_font_size=\u00bb52px\u00bb header_2_font_size_tablet=\u00bb32px\u00bb header_2_font_size_phone=\u00bb20px\u00bb header_2_font_size_last_edited=\u00bbon|desktop\u00bb header_2_line_height=\u00bb1.2em\u00bb header_3_font_size=\u00bb36px\u00bb header_3_font_size_tablet=\u00bb24px\u00bb header_3_font_size_phone=\u00bb18px\u00bb header_3_font_size_last_edited=\u00bbon|desktop\u00bb header_3_line_height=\u00bb1.4em\u00bb header_4_font_size=\u00bb24px\u00bb header_4_font_size_tablet=\u00bb20px\u00bb header_4_font_size_phone=\u00bb16px\u00bb header_4_font_size_last_edited=\u00bbon|desktop\u00bb header_4_line_height=\u00bb1.3em\u00bb header_5_font_size=\u00bb20px\u00bb header_5_font_size_tablet=\u00bb18px\u00bb header_5_font_size_phone=\u00bb15px\u00bb header_5_font_size_last_edited=\u00bbon|phone\u00bb header_5_line_height=\u00bb1.4em\u00bb header_6_font_size=\u00bb16px\u00bb header_6_font_size_tablet=\u00bb15px\u00bb header_6_font_size_phone=\u00bb14px\u00bb header_6_font_size_last_edited=\u00bbon|desktop\u00bb header_6_line_height=\u00bb1.4em\u00bb ul_line_height=\u00bb1.8em\u00bb ol_line_height=\u00bb1.8em\u00bb global_colors_info=\u00bb{%22gcid-heading-color%22:%91%22quote_text_color%22%93}\u00bb quote_border_color=\u00bb#D1675A\u00bb _builder_version=\u00bb4.27.0&#8243; _module_preset=\u00bb56a7a00e-05b1-46a4-a3c1-3af711be6ff5&#8243; text_text_color=\u00bb#666666&#8243; text_line_height=\u00bb1.5em\u00bb locked=\u00bboff\u00bb theme_builder_area=\u00bbpost_content\u00bb]<\/p>\n<p><strong>\u00danete a nuestro equipo donde tu carrera y tus valores se alinean.<\/strong> En Gtlan, buscamos constantemente talentos apasionados que quieran ayudarnos a innovar y redefinir el sector de las telecomunicaciones.<\/p>\n<p><span>Gtlan es m\u00e1s que un lugar de trabajo; es un equipo donde tratamos de mejorar la carrera profesional y personal de todos los integrantes.\u00a0<\/span><em><\/em><\/p>\n<p>[\/et_pb_text][et_pb_accordion open_toggle_background_color=\u00bbRGBA(255,255,255,0)\u00bb closed_toggle_background_color=\u00bbRGBA(255,255,255,0)\u00bb icon_color=\u00bb#38887D\u00bb toggle_text_color=\u00bb#303F52&#8243; toggle_font_size=\u00bb23px\u00bb toggle_font_size_tablet=\u00bb20px\u00bb toggle_font_size_phone=\u00bb16px\u00bb toggle_font_size_last_edited=\u00bbon|desktop\u00bb toggle_line_height=\u00bb1.3em\u00bb body_font=\u00bbCatamaran||||||||\u00bb border_width_all=\u00bb0px\u00bb border_color_all=\u00bbgcid-7b51ca68-2041-4d4c-8aa9-1da49a79baed\u00bb border_width_bottom=\u00bb2px\u00bb global_colors_info=\u00bb{%22gcid-0cddd2b1-8b06-4d9a-ae17-1cfad24229a1%22:%91%22quote_border_color%22%93,%22gcid-7b51ca68-2041-4d4c-8aa9-1da49a79baed%22:%91%22border_color_all%22%93,%22gcid-heading-color%22:%91%22toggle_text_color%22%93}\u00bb toggle_icon=\u00bb&#xf063;||fa||900&#8243; quote_border_color=\u00bbgcid-0cddd2b1-8b06-4d9a-ae17-1cfad24229a1&#8243; open_toggle_text_color=\u00bb#38887D\u00bb closed_toggle_text_color=\u00bb#303F52&#8243; use_icon_font_size=\u00bbon\u00bb _builder_version=\u00bb4.27.0&#8243; _module_preset=\u00bb761c325f-a752-45a1-bc66-ca0dea4587a1&#8243; toggle_level=\u00bbh4&#8243; toggle_font=\u00bbInter|700|||||||\u00bb closed_toggle_font=\u00bbInter||||||||\u00bb closed_toggle_font_size=\u00bb20px\u00bb body_text_color=\u00bb#666666&#8243; body_line_height=\u00bb1.5em\u00bb body_quote_border_color=\u00bb#D1675A\u00bb body_quote_text_color=\u00bb#303F52&#8243; custom_padding=\u00bb|20px||20px|false|false\u00bb hover_enabled=\u00bb0&#8243; theme_builder_area=\u00bbpost_content\u00bb sticky_enabled=\u00bb0&#8243;][et_pb_accordion_item custom_margin=\u00bb||0px||false|false\u00bb custom_padding=\u00bb|||0px|false|false\u00bb title=\u00bb\u00bfPor qu\u00e9 unirte a nosotros?\u00bb open=\u00bbon\u00bb _builder_version=\u00bb4.27.0&#8243; _module_preset=\u00bb_initial\u00bb hover_enabled=\u00bb0&#8243; global_colors_info=\u00bb{}\u00bb toggle_level=\u00bbh4&#8243; theme_builder_area=\u00bbpost_content\u00bb sticky_enabled=\u00bb0&#8243;]<\/p>\n<div class=\"widget item-absolute headline  \" id=\"element-1113\" data-at=\"headline\">\n<div class=\"contents\">\n<div class=\"widget item-absolute headline  \" id=\"element-859\" data-at=\"headline\">\n<div class=\"contents\">\n<h4><span class=\"x_dc55cf32 x_a76aec5f\">Oportunidad de crecimiento<\/span><\/h4>\n<\/div>\n<\/div>\n<div class=\"widget item-absolute paragraph  \" id=\"element-1034\" data-at=\"paragraph\">\n<div class=\"contents\">\n<p class=\"x_a05e301d x_40eda391\">Crece en un equipocon una traye tor\u00eda de m\u00e1s de 40 a\u00f1os, ofrecemos oportunidades para el desarrollo profesional y personal estable en el tiempo.<\/p>\n<div class=\"contents\">\n<h4><span class=\"x_39ec9305 x_04a047ed\">El trabajo en equipo<\/span><\/h4>\n<\/div>\n<div class=\"widget item-absolute paragraph  \" id=\"element-1166\" data-at=\"paragraph\">\n<div class=\"contents\">\n<p class=\"x_a05e301d x_e584cf25\">Fomentamos un ambiente de trabajo donde la comunicaci\u00f3n y la colaboraci\u00f3n son la base de todo lo que hacemos, permiti\u00e9ndote aportar y crecer en un entorno din\u00e1mico.<\/p>\n<div class=\"contents\">\n<h4><span class=\"x_39ec9305 x_04a047ed\">Los compa\u00f1eros<\/span><\/h4>\n<\/div>\n<div class=\"widget item-absolute paragraph  \" id=\"element-1169\" data-at=\"paragraph\">\n<div class=\"contents\">\n<p class=\"x_a05e301d x_e584cf25\">\u00danete a un equipo inclusivo y acogedor, donde m\u00e1s de 50 profesionales impulsan el \u00e9xito empresarial y personal. Valoramos la integridad, la honestidad y el compromiso con la excelencia, creando un ambiente de trabajo positivo y saludable para todos.<\/p>\n<\/div>\n<\/div>\n<\/div>\n<\/div>\n<\/div>\n<\/div>\n<\/div>\n<\/div>\n<p>[\/et_pb_accordion_item][et_pb_accordion_item custom_margin=\u00bb||0px||false|false\u00bb custom_padding=\u00bb|||0px|false|false\u00bb title=\u00bbNuestro valores\u00bb _builder_version=\u00bb4.27.0&#8243; _module_preset=\u00bb_initial\u00bb global_colors_info=\u00bb{}\u00bb theme_builder_area=\u00bbpost_content\u00bb open=\u00bboff\u00bb]<\/p>\n<div class=\"widget item-absolute headline  \" id=\"element-1168\" data-at=\"headline\">\n<div class=\"contents\">\n<div class=\"widget item-absolute headline  \" id=\"element-1168\" data-at=\"headline\">\n<h4><strong>Las personas primero<\/strong><\/h4>\n<p>En Grupo Etic, entendemos que el bienestar, el desarrollo personal y profesional de nuestros empleados son fundamentales para el \u00e9xito de la empresa. Por eso, nos esforzamos por crear un ambiente transparente y diverso en el que todos\/as os sint\u00e1is seguros\/as para aprovechar oportunidades y asumir responsabilidades.<\/p>\n<h4><strong>Impacto global positivo<\/strong><\/h4>\n<p>Nuestra base parte de una visi\u00f3n comprometida con el medio ambiente. No solo trabajamos para crear un producto respetuoso con el medio ambiente promoviendo practicas sostenibles en la empresa, sino que tambi\u00e9n nos esforzamos por minimizar nuestra huella de carbono en el planeta.<\/p>\n<h4><strong>Innovaci\u00f3n y progreso<\/strong><\/h4>\n<p>Para avanzar y ser l\u00edderes de la innovaci\u00f3n, debemos esforzarnos constantemente para superar las expectativas de los clientes. Grupo Etic representa un desaf\u00edo tecnol\u00f3gico que busca optimizar procesos, mejorar la eficiencia y garantizar la mejora continua de nuestros productos y servicios.<\/p>\n<p>&nbsp;<\/p>\n<h4 class=\"contents\"><strong>B\u00fasqueda de la excelencia\/compromiso<\/strong><\/h4>\n<div class=\"contents\">Consideramos que la dedicaci\u00f3n a la excelencia es la piedra angular de este proyecto que nos invita a buscar el compromiso y a seguir aprendiendo siendo conscientes de que cada uno de nosotros tiene un papel clave en el \u00e9xito de la empresa. Es importante que nos comprometamos con nuestro trabajo y que trabajemos juntos para lograr los objetivos en com\u00fan.<\/div>\n<\/div>\n<\/div>\n<\/div>\n<p>[\/et_pb_accordion_item][\/et_pb_accordion][et_pb_code _builder_version=\u00bb4.27.0&#8243; _module_preset=\u00bbdefault\u00bb hover_enabled=\u00bb0&#8243; global_colors_info=\u00bb{}\u00bb theme_builder_area=\u00bbpost_content\u00bb sticky_enabled=\u00bb0&#8243;]<script><!-- [et_pb_line_break_holder] -->jQuery(function($){<!-- [et_pb_line_break_holder] -->$('.et_pb_accordion .et_pb_toggle_open').addClass('et_pb_toggle_close').removeClass('et_pb_toggle_open');<!-- [et_pb_line_break_holder] -->  <!-- [et_pb_line_break_holder] -->$('.et_pb_accordion .et_pb_toggle').click(function() {<!-- [et_pb_line_break_holder] -->$this = $(this);<!-- [et_pb_line_break_holder] -->setTimeout(function(){<!-- [et_pb_line_break_holder] -->$this.closest('.et_pb_accordion').removeClass('et_pb_accordion_toggling');<!-- [et_pb_line_break_holder] -->},700);<!-- [et_pb_line_break_holder] -->});<!-- [et_pb_line_break_holder] -->});<!-- [et_pb_line_break_holder] --><\/script>[\/et_pb_code][et_pb_text text_font=\u00bbCatamaran||||||||\u00bb quote_font=\u00bb&#8211;et_global_heading_font|&#8211;et_global_heading_font_weight|||||||\u00bb quote_text_color=\u00bb#666666&#8243; quote_font_size=\u00bb16px\u00bb quote_font_size_tablet=\u00bb18px\u00bb quote_font_size_phone=\u00bb15px\u00bb quote_font_size_last_edited=\u00bbon|desktop\u00bb quote_line_height=\u00bb1.4em\u00bb header_font_size=\u00bb72px\u00bb header_font_size_tablet=\u00bb55px\u00bb header_font_size_phone=\u00bb24px\u00bb header_font_size_last_edited=\u00bboff|desktop\u00bb header_line_height=\u00bb1.1em\u00bb header_2_font_size=\u00bb52px\u00bb header_2_font_size_tablet=\u00bb32px\u00bb header_2_font_size_phone=\u00bb20px\u00bb header_2_font_size_last_edited=\u00bbon|desktop\u00bb header_2_line_height=\u00bb1.2em\u00bb header_3_font_size=\u00bb36px\u00bb header_3_font_size_tablet=\u00bb24px\u00bb header_3_font_size_phone=\u00bb18px\u00bb header_3_font_size_last_edited=\u00bbon|desktop\u00bb header_3_line_height=\u00bb1.4em\u00bb header_4_font_size=\u00bb24px\u00bb header_4_font_size_tablet=\u00bb20px\u00bb header_4_font_size_phone=\u00bb16px\u00bb header_4_font_size_last_edited=\u00bbon|desktop\u00bb header_4_line_height=\u00bb1.3em\u00bb header_5_font_size=\u00bb20px\u00bb header_5_font_size_tablet=\u00bb18px\u00bb header_5_font_size_phone=\u00bb15px\u00bb header_5_font_size_last_edited=\u00bbon|phone\u00bb header_5_line_height=\u00bb1.4em\u00bb header_6_font_size=\u00bb16px\u00bb header_6_font_size_tablet=\u00bb15px\u00bb header_6_font_size_phone=\u00bb14px\u00bb header_6_font_size_last_edited=\u00bbon|desktop\u00bb header_6_line_height=\u00bb1.4em\u00bb ul_line_height=\u00bb1.8em\u00bb ol_line_height=\u00bb1.8em\u00bb global_colors_info=\u00bb{%22gcid-heading-color%22:%91%22quote_text_color%22%93}\u00bb quote_border_color=\u00bb#38887D\u00bb _builder_version=\u00bb4.27.0&#8243; _module_preset=\u00bb56a7a00e-05b1-46a4-a3c1-3af711be6ff5&#8243; text_text_color=\u00bb#666666&#8243; text_line_height=\u00bb1.5em\u00bb hover_enabled=\u00bb0&#8243; locked=\u00bboff\u00bb theme_builder_area=\u00bbpost_content\u00bb sticky_enabled=\u00bb0&#8243;]<\/p>\n<blockquote>\n<p><strong>Si est\u00e1s lista\/o para asumir este reto y contribuir a nuestro crecimiento, env\u00eda tu CV a comercial@gote.com.<\/strong><em><span>\u00a0<\/span>\u00a1<\/em><em>Estamos deseando conocerte!<\/em><\/p>\n<\/blockquote>\n<p>[\/et_pb_text][\/et_pb_column][et_pb_column global_colors_info=\u00bb{}\u00bb type=\u00bb1_2&#8243; specialty_columns=\u00bb2&#8243; _builder_version=\u00bb4.16&#8243; _module_preset=\u00bbdefault\u00bb custom_padding=\u00bb|||\u00bb custom_padding__hover=\u00bb|||\u00bb theme_builder_area=\u00bbpost_content\u00bb][et_pb_row_inner column_structure=\u00bb1_2,1_2&#8243; use_custom_gutter=\u00bbon\u00bb gutter_width=\u00bb2&#8243; _builder_version=\u00bb4.25.1&#8243; _module_preset=\u00bbdefault\u00bb global_colors_info=\u00bb{}\u00bb theme_builder_area=\u00bbpost_content\u00bb][et_pb_column_inner global_colors_info=\u00bb{}\u00bb type=\u00bb1_2&#8243; saved_specialty_column_type=\u00bb1_2&#8243; _builder_version=\u00bb4.25.1&#8243; _module_preset=\u00bb_initial\u00bb theme_builder_area=\u00bbpost_content\u00bb][et_pb_image src=\u00bbhttp:\/\/gtled.com\/wp-content\/uploads\/trabaja-con-nosotros-gtlan-1.jpg\u00bb alt=\u00bbgtlan-almacen-tactica\u00bb title_text=\u00bbtrabaja con nosotros gtlan 1&#8243; _builder_version=\u00bb4.27.0&#8243; _module_preset=\u00bbdefault\u00bb border_radii=\u00bbon|30px|30px|30px|30px\u00bb global_colors_info=\u00bb{}\u00bb theme_builder_area=\u00bbpost_content\u00bb][\/et_pb_image][et_pb_image src=\u00bbhttp:\/\/gtled.com\/wp-content\/uploads\/trabaja-con-nosotros-gtlan.jpg\u00bb alt=\u00bbgtlan-telecomunicaciones\u00bb title_text=\u00bbtrabaja con nosotros gtlan\u00bb _builder_version=\u00bb4.27.0&#8243; _module_preset=\u00bbdefault\u00bb custom_margin=\u00bb30px||||false|false\u00bb custom_margin_last_edited=\u00bboff|phone\u00bb border_radii=\u00bbon|30px|30px|30px|30px\u00bb global_colors_info=\u00bb{}\u00bb theme_builder_area=\u00bbpost_content\u00bb][\/et_pb_image][\/et_pb_column_inner][et_pb_column_inner global_colors_info=\u00bb{}\u00bb type=\u00bb1_2&#8243; saved_specialty_column_type=\u00bb1_2&#8243; _builder_version=\u00bb4.25.1&#8243; _module_preset=\u00bb_initial\u00bb theme_builder_area=\u00bbpost_content\u00bb][et_pb_image src=\u00bbhttp:\/\/gtled.com\/wp-content\/uploads\/trabaja-con-nosotros-gtlan-gote-1.jpg\u00bb alt=\u00bbgtlan-laboratorio\u00bb title_text=\u00bbtrabaja con nosotros gtlan gote 1&#8243; _builder_version=\u00bb4.27.0&#8243; _module_preset=\u00bbdefault\u00bb border_radii=\u00bbon|30px|30px|30px|30px\u00bb locked=\u00bboff\u00bb global_colors_info=\u00bb{}\u00bb theme_builder_area=\u00bbpost_content\u00bb][\/et_pb_image][et_pb_image src=\u00bbhttp:\/\/gtled.com\/wp-content\/uploads\/trabaja-con-nosotros-gtlan-3.jpg\u00bb alt=\u00bbgtlan-telecomunicaciones\u00bb title_text=\u00bbtrabaja con nosotros gtlan 3&#8243; _builder_version=\u00bb4.27.0&#8243; _module_preset=\u00bbdefault\u00bb custom_margin=\u00bb30px||||false|false\u00bb border_radii=\u00bbon|30px|30px|30px|30px\u00bb locked=\u00bboff\u00bb global_colors_info=\u00bb{}\u00bb theme_builder_area=\u00bbpost_content\u00bb][\/et_pb_image][\/et_pb_column_inner][\/et_pb_row_inner][\/et_pb_column][\/et_pb_section]<\/p>\n","protected":false},"excerpt":{"rendered":"<p>TRABAJA CON NOSOTROSConstruye el Futuro de las Telecomunicaciones con nosotros\u00danete a nuestro equipo donde tu carrera y tus valores se alinean. En Gtlan, buscamos constantemente talentos apasionados que quieran ayudarnos a innovar y redefinir el sector de las telecomunicaciones. Gtlan es m\u00e1s que un lugar de trabajo; es un equipo donde tratamos de mejorar la [&hellip;]<\/p>\n","protected":false},"author":6,"featured_media":0,"parent":0,"menu_order":0,"comment_status":"closed","ping_status":"closed","template":"","meta":{"_et_pb_use_builder":"on","_et_pb_old_content":"<!-- wp:divi\/placeholder \/-->","_et_gb_content_width":"","footnotes":""},"class_list":["post-37707","page","type-page","status-publish","hentry"],"yoast_head":"<!-- This site is optimized with the Yoast SEO plugin v24.6 - https:\/\/yoast.com\/wordpress\/plugins\/seo\/ -->\n<title>Trabaja con nosotros - Gtled<\/title>\n<meta name=\"robots\" content=\"index, follow, max-snippet:-1, max-image-preview:large, max-video-preview:-1\" \/>\n<link rel=\"canonical\" href=\"https:\/\/gtled.com\/?page_id=37707\" \/>\n<meta property=\"og:locale\" content=\"es_ES\" \/>\n<meta property=\"og:type\" content=\"article\" \/>\n<meta property=\"og:title\" content=\"Trabaja con nosotros - Gtled\" \/>\n<meta property=\"og:description\" content=\"TRABAJA CON NOSOTROSConstruye el Futuro de las Telecomunicaciones con nosotros\u00danete a nuestro equipo donde tu carrera y tus valores se alinean. En Gtlan, buscamos constantemente talentos apasionados que quieran ayudarnos a innovar y redefinir el sector de las telecomunicaciones. Gtlan es m\u00e1s que un lugar de trabajo; es un equipo donde tratamos de mejorar la [&hellip;]\" \/>\n<meta property=\"og:url\" content=\"https:\/\/gtled.com\/?page_id=37707\" \/>\n<meta property=\"og:site_name\" content=\"Gtled\" \/>\n<meta property=\"article:modified_time\" content=\"2024-08-07T10:15:57+00:00\" \/>\n<meta name=\"twitter:card\" content=\"summary_large_image\" \/>\n<script type=\"application\/ld+json\" class=\"yoast-schema-graph\">{\"@context\":\"https:\/\/schema.org\",\"@graph\":[{\"@type\":\"WebPage\",\"@id\":\"https:\/\/gtled.com\/?page_id=37707\",\"url\":\"https:\/\/gtled.com\/?page_id=37707\",\"name\":\"Trabaja con nosotros - Gtled\",\"isPartOf\":{\"@id\":\"https:\/\/gtled.com\/#website\"},\"datePublished\":\"2024-08-07T07:40:12+00:00\",\"dateModified\":\"2024-08-07T10:15:57+00:00\",\"breadcrumb\":{\"@id\":\"https:\/\/gtled.com\/?page_id=37707#breadcrumb\"},\"inLanguage\":\"es\",\"potentialAction\":[{\"@type\":\"ReadAction\",\"target\":[\"https:\/\/gtled.com\/?page_id=37707\"]}]},{\"@type\":\"BreadcrumbList\",\"@id\":\"https:\/\/gtled.com\/?page_id=37707#breadcrumb\",\"itemListElement\":[{\"@type\":\"ListItem\",\"position\":1,\"name\":\"Portada\",\"item\":\"https:\/\/gtled.com\/\"},{\"@type\":\"ListItem\",\"position\":2,\"name\":\"Trabaja con nosotros\"}]},{\"@type\":\"WebSite\",\"@id\":\"https:\/\/gtled.com\/#website\",\"url\":\"https:\/\/gtled.com\/\",\"name\":\"Gtled\",\"description\":\"Iluminaci\u00f3n y regulaci\u00f3n led\",\"potentialAction\":[{\"@type\":\"SearchAction\",\"target\":{\"@type\":\"EntryPoint\",\"urlTemplate\":\"https:\/\/gtled.com\/?s={search_term_string}\"},\"query-input\":{\"@type\":\"PropertyValueSpecification\",\"valueRequired\":true,\"valueName\":\"search_term_string\"}}],\"inLanguage\":\"es\"}]}<\/script>\n<!-- \/ Yoast SEO plugin. -->","yoast_head_json":{"title":"Trabaja con nosotros - Gtled","robots":{"index":"index","follow":"follow","max-snippet":"max-snippet:-1","max-image-preview":"max-image-preview:large","max-video-preview":"max-video-preview:-1"},"canonical":"https:\/\/gtled.com\/?page_id=37707","og_locale":"es_ES","og_type":"article","og_title":"Trabaja con nosotros - Gtled","og_description":"TRABAJA CON NOSOTROSConstruye el Futuro de las Telecomunicaciones con nosotros\u00danete a nuestro equipo donde tu carrera y tus valores se alinean. En Gtlan, buscamos constantemente talentos apasionados que quieran ayudarnos a innovar y redefinir el sector de las telecomunicaciones. Gtlan es m\u00e1s que un lugar de trabajo; es un equipo donde tratamos de mejorar la [&hellip;]","og_url":"https:\/\/gtled.com\/?page_id=37707","og_site_name":"Gtled","article_modified_time":"2024-08-07T10:15:57+00:00","twitter_card":"summary_large_image","schema":{"@context":"https:\/\/schema.org","@graph":[{"@type":"WebPage","@id":"https:\/\/gtled.com\/?page_id=37707","url":"https:\/\/gtled.com\/?page_id=37707","name":"Trabaja con nosotros - Gtled","isPartOf":{"@id":"https:\/\/gtled.com\/#website"},"datePublished":"2024-08-07T07:40:12+00:00","dateModified":"2024-08-07T10:15:57+00:00","breadcrumb":{"@id":"https:\/\/gtled.com\/?page_id=37707#breadcrumb"},"inLanguage":"es","potentialAction":[{"@type":"ReadAction","target":["https:\/\/gtled.com\/?page_id=37707"]}]},{"@type":"BreadcrumbList","@id":"https:\/\/gtled.com\/?page_id=37707#breadcrumb","itemListElement":[{"@type":"ListItem","position":1,"name":"Portada","item":"https:\/\/gtled.com\/"},{"@type":"ListItem","position":2,"name":"Trabaja con nosotros"}]},{"@type":"WebSite","@id":"https:\/\/gtled.com\/#website","url":"https:\/\/gtled.com\/","name":"Gtled","description":"Iluminaci\u00f3n y regulaci\u00f3n led","potentialAction":[{"@type":"SearchAction","target":{"@type":"EntryPoint","urlTemplate":"https:\/\/gtled.com\/?s={search_term_string}"},"query-input":{"@type":"PropertyValueSpecification","valueRequired":true,"valueName":"search_term_string"}}],"inLanguage":"es"}]}},"_links":{"self":[{"href":"https:\/\/gtled.com\/index.php?rest_route=\/wp\/v2\/pages\/37707","targetHints":{"allow":["GET"]}}],"collection":[{"href":"https:\/\/gtled.com\/index.php?rest_route=\/wp\/v2\/pages"}],"about":[{"href":"https:\/\/gtled.com\/index.php?rest_route=\/wp\/v2\/types\/page"}],"author":[{"embeddable":true,"href":"https:\/\/gtled.com\/index.php?rest_route=\/wp\/v2\/users\/6"}],"replies":[{"embeddable":true,"href":"https:\/\/gtled.com\/index.php?rest_route=%2Fwp%2Fv2%2Fcomments&post=37707"}],"version-history":[{"count":3,"href":"https:\/\/gtled.com\/index.php?rest_route=\/wp\/v2\/pages\/37707\/revisions"}],"predecessor-version":[{"id":37911,"href":"https:\/\/gtled.com\/index.php?rest_route=\/wp\/v2\/pages\/37707\/revisions\/37911"}],"wp:attachment":[{"href":"https:\/\/gtled.com\/index.php?rest_route=%2Fwp%2Fv2%2Fmedia&parent=37707"}],"curies":[{"name":"wp","href":"https:\/\/api.w.org\/{rel}","templated":true}]}}